{"id":1099,"date":"2017-08-07T11:19:30","date_gmt":"2017-08-07T15:19:30","guid":{"rendered":"http:\/\/www.corporacionancud.cl\/inicio\/?page_id=1099"},"modified":"2026-01-28T17:00:14","modified_gmt":"2026-01-28T20:00:14","slug":"cesfam-manuel-ferreira-g","status":"publish","type":"page","link":"http:\/\/www.corporacionancud.cl\/inicio\/salud\/cesfam-manuel-ferreira-g\/","title":{"rendered":"CESFAM Dr. Manuel Ferreira Guzm\u00e1n"},"content":{"rendered":"\n<p><strong>Misi\u00f3n<\/strong><\/p>\n\n\n\n<p>Proveer atenci\u00f3n en salud a los usuarios del Centro de Salud Familiar Dr. Manuel Ferreira Guzm\u00e1n, con enfoque integral, centrado en la familia, de manera equitativa, optimizando los recursos disponibles para desarrollar actividades de calidad en promoci\u00f3n y recuperaci\u00f3n de la salud a trav\u00e9s de trabajo en equipo, en red y participativo con la comunidad.<\/p>\n\n\n\n<p><strong>Visi\u00f3n<\/strong><\/p>\n\n\n\n<p>Ser reconocido dentro de la red de asistencia como Centro de Salud de Atenci\u00f3n Primaria, con enfoque comunitario, que brinde atenci\u00f3n de calidad y logre dar satisfacci\u00f3n al usuario, su entorno, impactando significativamente en los indicadores de salud en la comuna de Ancud.<\/p>\n\n\n\n<figure class=\"wp-block-table\"><table class=\"has-fixed-layout\"><tbody><tr><td class=\"has-text-align-center\" data-align=\"center\"><strong>Nombre<\/strong><\/td><td class=\"has-text-align-center\" data-align=\"center\"><strong>Cargo<\/strong><\/td><td class=\"has-text-align-center\" data-align=\"center\">C<strong>ontacto<\/strong><\/td><\/tr><tr><td class=\"has-text-align-center\" data-align=\"center\">Sr. Daniel Orellana Campos<\/td><td class=\"has-text-align-center\" data-align=\"center\">Director (P)<\/td><td class=\"has-text-align-center\" data-align=\"center\">65 2623623<\/td><\/tr><\/tbody><\/table><\/figure>\n","protected":false},"excerpt":{"rendered":"<p>Misi\u00f3n Proveer atenci\u00f3n en salud a los usuarios del Centro de Salud Familiar Dr. Manuel Ferreira Guzm\u00e1n, con enfoque integral, centrado en la familia, de manera equitativa, optimizando los recursos disponibles para desarrollar actividades de calidad en promoci\u00f3n y recuperaci\u00f3n de la salud a trav\u00e9s de trabajo en equipo, en red y participativo con la <\/p>\n","protected":false},"author":1,"featured_media":0,"parent":106,"menu_order":1,"comment_status":"closed","ping_status":"closed","template":"","meta":{"footnotes":""},"class_list":["post-1099","page","type-page","status-publish","hentry"],"_links":{"self":[{"href":"http:\/\/www.corporacionancud.cl\/inicio\/wp-json\/wp\/v2\/pages\/1099","targetHints":{"allow":["GET"]}}],"collection":[{"href":"http:\/\/www.corporacionancud.cl\/inicio\/wp-json\/wp\/v2\/pages"}],"about":[{"href":"http:\/\/www.corporacionancud.cl\/inicio\/wp-json\/wp\/v2\/types\/page"}],"author":[{"embeddable":true,"href":"http:\/\/www.corporacionancud.cl\/inicio\/wp-json\/wp\/v2\/users\/1"}],"replies":[{"embeddable":true,"href":"http:\/\/www.corporacionancud.cl\/inicio\/wp-json\/wp\/v2\/comments?post=1099"}],"version-history":[{"count":8,"href":"http:\/\/www.corporacionancud.cl\/inicio\/wp-json\/wp\/v2\/pages\/1099\/revisions"}],"predecessor-version":[{"id":5843,"href":"http:\/\/www.corporacionancud.cl\/inicio\/wp-json\/wp\/v2\/pages\/1099\/revisions\/5843"}],"up":[{"embeddable":true,"href":"http:\/\/www.corporacionancud.cl\/inicio\/wp-json\/wp\/v2\/pages\/106"}],"wp:attachment":[{"href":"http:\/\/www.corporacionancud.cl\/inicio\/wp-json\/wp\/v2\/media?parent=1099"}],"curies":[{"name":"wp","href":"https:\/\/api.w.org\/{rel}","templated":true}]}}