{"id":1101,"date":"2017-08-07T11:20:10","date_gmt":"2017-08-07T15:20:10","guid":{"rendered":"http:\/\/www.corporacionancud.cl\/inicio\/?page_id=1101"},"modified":"2025-12-19T15:12:20","modified_gmt":"2025-12-19T18:12:20","slug":"cesfam-pudeto","status":"publish","type":"page","link":"http:\/\/www.corporacionancud.cl\/inicio\/salud\/cesfam-pudeto\/","title":{"rendered":"CESFAM Pudeto"},"content":{"rendered":"\n<p><strong>Misi\u00f3n<\/strong><\/p>\n\n\n\n<p>Somos un equipo de salud que otorga una atenci\u00f3n integral, con enfoque familiar y comunitario, ofreciendo cercan\u00eda y cordialidad a los ancuditanos, contribuyendo a mejorar su calidad de vida.<\/p>\n\n\n\n<p><strong>Visi\u00f3n<\/strong><\/p>\n\n\n\n<p>Ser reconocidos como un Centro de Salud Familiar que otorga una atenci\u00f3n de salud humanizada y de excelencia.<\/p>\n\n\n\n<figure class=\"wp-block-table\"><table class=\"has-fixed-layout\"><tbody><tr><td class=\"has-text-align-center\" data-align=\"center\"><strong>Nombre<\/strong><\/td><td class=\"has-text-align-center\" data-align=\"center\"><strong>Cargo<\/strong><\/td><td class=\"has-text-align-center\" data-align=\"center\"><strong>Contacto<\/strong><\/td><\/tr><tr><td class=\"has-text-align-center\" data-align=\"center\">Srta. Natali Navarrete Garc\u00e9s<\/td><td class=\"has-text-align-center\" data-align=\"center\">Directora (P)<\/td><td class=\"has-text-align-center\" data-align=\"center\">Fono CESFAM: 65 2623622<\/td><\/tr><\/tbody><\/table><\/figure>\n","protected":false},"excerpt":{"rendered":"<p>Misi\u00f3n Somos un equipo de salud que otorga una atenci\u00f3n integral, con enfoque familiar y comunitario, ofreciendo cercan\u00eda y cordialidad a los ancuditanos, contribuyendo a mejorar su calidad de vida. Visi\u00f3n Ser reconocidos como un Centro de Salud Familiar que otorga una atenci\u00f3n de salud humanizada y de excelencia. Nombre Cargo Contacto Srta. Natali Navarrete <\/p>\n","protected":false},"author":1,"featured_media":0,"parent":106,"menu_order":2,"comment_status":"closed","ping_status":"closed","template":"","meta":{"footnotes":""},"class_list":["post-1101","page","type-page","status-publish","hentry"],"_links":{"self":[{"href":"http:\/\/www.corporacionancud.cl\/inicio\/wp-json\/wp\/v2\/pages\/1101","targetHints":{"allow":["GET"]}}],"collection":[{"href":"http:\/\/www.corporacionancud.cl\/inicio\/wp-json\/wp\/v2\/pages"}],"about":[{"href":"http:\/\/www.corporacionancud.cl\/inicio\/wp-json\/wp\/v2\/types\/page"}],"author":[{"embeddable":true,"href":"http:\/\/www.corporacionancud.cl\/inicio\/wp-json\/wp\/v2\/users\/1"}],"replies":[{"embeddable":true,"href":"http:\/\/www.corporacionancud.cl\/inicio\/wp-json\/wp\/v2\/comments?post=1101"}],"version-history":[{"count":15,"href":"http:\/\/www.corporacionancud.cl\/inicio\/wp-json\/wp\/v2\/pages\/1101\/revisions"}],"predecessor-version":[{"id":5703,"href":"http:\/\/www.corporacionancud.cl\/inicio\/wp-json\/wp\/v2\/pages\/1101\/revisions\/5703"}],"up":[{"embeddable":true,"href":"http:\/\/www.corporacionancud.cl\/inicio\/wp-json\/wp\/v2\/pages\/106"}],"wp:attachment":[{"href":"http:\/\/www.corporacionancud.cl\/inicio\/wp-json\/wp\/v2\/media?parent=1101"}],"curies":[{"name":"wp","href":"https:\/\/api.w.org\/{rel}","templated":true}]}}