{"id":150,"date":"2016-04-07T09:16:31","date_gmt":"2016-04-07T12:16:31","guid":{"rendered":"http:\/\/www.corporacionancud.cl\/inicio\/?page_id=150"},"modified":"2016-04-07T09:30:55","modified_gmt":"2016-04-07T12:30:55","slug":"mision-y-vision","status":"publish","type":"page","link":"http:\/\/www.corporacionancud.cl\/inicio\/educacion\/mision-y-vision\/","title":{"rendered":"Misi\u00f3n y Vision"},"content":{"rendered":"<p><strong>MISI\u00d3N<\/strong><\/p>\n<p style=\"text-align: justify;\">El sistema Educativo Municipal en la Comuna de Ancud tiene por misi\u00f3n cautelar el buen desarrollo de\u00a0 educaci\u00f3n p\u00fablica, gratuita y de calidad para todos los estudiantes cuyos padres conf\u00edan\u00a0 la educaci\u00f3n de sus hijos (as) en los diferentes colegios, modalidades y niveles que administra el sistema.<\/p>\n<p style=\"text-align: justify;\">En consecuencia, existe el compromiso de hacer gesti\u00f3n pedag\u00f3gica, administrativa, financiera y de utilizaci\u00f3n de recursos en general en forma eficiente, responsable, participativa y democr\u00e1tica.<\/p>\n<p style=\"text-align: justify;\">Potencia la misi\u00f3n el respeto por las normativas vigentes, las pol\u00edticas p\u00fablicas que emanen del Mineduc, m\u00e1s el entorno natural, hist\u00f3rico y cultural en el cual cada establecimiento desarrolla su Proyecto Educativo Institucional y Proyecto de Mejoramiento en general.<\/p>\n<p style=\"text-align: justify;\">Para concretar los prop\u00f3sitos de la misi\u00f3n, se establecen redes de apoyo pertinentes y necesarias, entre las cuales los Centros de Padres y n\u00facleos familiares de los estudiantes constituyen el soporte principal.<\/p>\n<p><strong>VISI\u00d3N<\/strong><\/p>\n<p>Los Estudiantes, Profesores, Padres y Apoderados y Asistentes de la Educaci\u00f3n en su condici\u00f3n de seres humanos constituyen siempre el centro de la preocupaci\u00f3n y trabajo del Sistema Educativo Municipal. El respeto por la condici\u00f3n de personas est\u00e1 por sobre cualquier otra consideraci\u00f3n al momento de programar, gestionar y evaluar el desarrollo y resultado del proceso educativo.<\/p>\n<p>El ser persona es lo que da sentido al trabajo educativo en cada Establecimiento siendo claramente p\u00fablico, gratuito y de calidad y es lo que justifica el esfuerzo permanente por la perfectibilidad del Sistema Comunal Municipal.<\/p>\n<p>El camino a recorrer es el de una \u201cEducaci\u00f3n Humanizadora\u201d que ponga de relieve la diversidad de personas, la inclusi\u00f3n, la no discriminaci\u00f3n, la respetuosidad y solidaridad como condiciones esenciales para una buena convivencia escolar en todos los aspectos personales y sociales comunitarios.<\/p>\n<p>Igualmente el esfuerzo siempre estar\u00e1 centrado en el leg\u00edtimo derecho al respeto por la natural variedad y exigencia en los aprendizajes para satisfacer las aspiraciones de cada estudiante y sus respectivas familias.<\/p>\n<p>Siempre se requiere una educaci\u00f3n cercana en sentidos, enfoques, propuestas y estrategias educativas para asegurar calidad y equidad en la educaci\u00f3n p\u00fablica.<\/p>\n","protected":false},"excerpt":{"rendered":"<p>MISI\u00d3N El sistema Educativo Municipal en la Comuna de Ancud tiene por misi\u00f3n cautelar el buen desarrollo de\u00a0 educaci\u00f3n p\u00fablica, gratuita y de calidad para todos los estudiantes cuyos padres conf\u00edan\u00a0 la educaci\u00f3n de sus hijos (as) en los diferentes colegios, modalidades y niveles que administra el sistema. En consecuencia, existe el compromiso de hacer <\/p>\n","protected":false},"author":1,"featured_media":0,"parent":112,"menu_order":0,"comment_status":"closed","ping_status":"closed","template":"","meta":{"footnotes":""},"class_list":["post-150","page","type-page","status-publish","hentry"],"_links":{"self":[{"href":"http:\/\/www.corporacionancud.cl\/inicio\/wp-json\/wp\/v2\/pages\/150","targetHints":{"allow":["GET"]}}],"collection":[{"href":"http:\/\/www.corporacionancud.cl\/inicio\/wp-json\/wp\/v2\/pages"}],"about":[{"href":"http:\/\/www.corporacionancud.cl\/inicio\/wp-json\/wp\/v2\/types\/page"}],"author":[{"embeddable":true,"href":"http:\/\/www.corporacionancud.cl\/inicio\/wp-json\/wp\/v2\/users\/1"}],"replies":[{"embeddable":true,"href":"http:\/\/www.corporacionancud.cl\/inicio\/wp-json\/wp\/v2\/comments?post=150"}],"version-history":[{"count":5,"href":"http:\/\/www.corporacionancud.cl\/inicio\/wp-json\/wp\/v2\/pages\/150\/revisions"}],"predecessor-version":[{"id":159,"href":"http:\/\/www.corporacionancud.cl\/inicio\/wp-json\/wp\/v2\/pages\/150\/revisions\/159"}],"up":[{"embeddable":true,"href":"http:\/\/www.corporacionancud.cl\/inicio\/wp-json\/wp\/v2\/pages\/112"}],"wp:attachment":[{"href":"http:\/\/www.corporacionancud.cl\/inicio\/wp-json\/wp\/v2\/media?parent=150"}],"curies":[{"name":"wp","href":"https:\/\/api.w.org\/{rel}","templated":true}]}}