{"id":5054,"date":"2025-01-08T11:53:41","date_gmt":"2025-01-08T14:53:41","guid":{"rendered":"http:\/\/www.corporacionancud.cl\/inicio\/?page_id=5054"},"modified":"2025-12-19T15:11:47","modified_gmt":"2025-12-19T18:11:47","slug":"departamento-de-salud-municipal","status":"publish","type":"page","link":"http:\/\/www.corporacionancud.cl\/inicio\/salud\/departamento-de-salud-municipal\/","title":{"rendered":"Departamento de Salud Municipal"},"content":{"rendered":"\n<p><strong>Misi\u00f3n<\/strong><br>&nbsp;Somos un equipo de salud que otorga una atenci\u00f3n integral, con enfoque familiar y comunitario, ofreciendo cercan\u00eda y cordialidad a los Ancuditanos, contribuyendo a mejorar su calidad de vida.<br><strong>Visi\u00f3n<\/strong><br>&nbsp;Ser reconocidos como Centros de Salud Familiares que otorgan una atenci\u00f3n de salud humanizada y de excelencia.<\/p>\n\n\n\n<div class=\"wp-block-columns is-layout-flex wp-container-core-columns-is-layout-1 wp-block-columns-is-layout-flex\">\n<div class=\"wp-block-column is-layout-flow wp-block-column-is-layout-flow\" style=\"flex-basis:100%\">\n<figure class=\"wp-block-table\"><table class=\"has-fixed-layout\"><tbody><tr><td class=\"has-text-align-center\" data-align=\"center\"><strong>Nombre<\/strong><\/td><td class=\"has-text-align-center\" data-align=\"center\"><strong>Cargo<\/strong><\/td><td class=\"has-text-align-center\" data-align=\"center\"><strong>Contacto<\/strong><\/td><\/tr><tr><td class=\"has-text-align-center\" data-align=\"center\">Sr. Christopher \u00c1lvarez Hermosilla<\/td><td class=\"has-text-align-center\" data-align=\"center\">Director (P)<\/td><td class=\"has-text-align-center\" data-align=\"center\">Fono DESAM: 65 2623562<\/td><\/tr><\/tbody><\/table><\/figure>\n<\/div>\n<\/div>\n\n\n\n<p><\/p>\n","protected":false},"excerpt":{"rendered":"<p>Misi\u00f3n&nbsp;Somos un equipo de salud que otorga una atenci\u00f3n integral, con enfoque familiar y comunitario, ofreciendo cercan\u00eda y cordialidad a los Ancuditanos, contribuyendo a mejorar su calidad de vida.Visi\u00f3n&nbsp;Ser reconocidos como Centros de Salud Familiares que otorgan una atenci\u00f3n de salud humanizada y de excelencia. Nombre Cargo Contacto Sr. Christopher \u00c1lvarez Hermosilla Director (P) Fono <\/p>\n","protected":false},"author":4,"featured_media":0,"parent":106,"menu_order":0,"comment_status":"closed","ping_status":"closed","template":"","meta":{"footnotes":""},"class_list":["post-5054","page","type-page","status-publish","hentry"],"_links":{"self":[{"href":"http:\/\/www.corporacionancud.cl\/inicio\/wp-json\/wp\/v2\/pages\/5054","targetHints":{"allow":["GET"]}}],"collection":[{"href":"http:\/\/www.corporacionancud.cl\/inicio\/wp-json\/wp\/v2\/pages"}],"about":[{"href":"http:\/\/www.corporacionancud.cl\/inicio\/wp-json\/wp\/v2\/types\/page"}],"author":[{"embeddable":true,"href":"http:\/\/www.corporacionancud.cl\/inicio\/wp-json\/wp\/v2\/users\/4"}],"replies":[{"embeddable":true,"href":"http:\/\/www.corporacionancud.cl\/inicio\/wp-json\/wp\/v2\/comments?post=5054"}],"version-history":[{"count":11,"href":"http:\/\/www.corporacionancud.cl\/inicio\/wp-json\/wp\/v2\/pages\/5054\/revisions"}],"predecessor-version":[{"id":5702,"href":"http:\/\/www.corporacionancud.cl\/inicio\/wp-json\/wp\/v2\/pages\/5054\/revisions\/5702"}],"up":[{"embeddable":true,"href":"http:\/\/www.corporacionancud.cl\/inicio\/wp-json\/wp\/v2\/pages\/106"}],"wp:attachment":[{"href":"http:\/\/www.corporacionancud.cl\/inicio\/wp-json\/wp\/v2\/media?parent=5054"}],"curies":[{"name":"wp","href":"https:\/\/api.w.org\/{rel}","templated":true}]}}