{"id":5257,"date":"2025-06-19T15:56:01","date_gmt":"2025-06-19T19:56:01","guid":{"rendered":"http:\/\/www.corporacionancud.cl\/inicio\/?page_id=5257"},"modified":"2025-06-19T16:05:51","modified_gmt":"2025-06-19T20:05:51","slug":"corporacion-municipal-de-ancud-lanza-protocolo-de-prevencion-y-sancion-del-acoso-y-violencia-en-el-trabajo","status":"publish","type":"page","link":"http:\/\/www.corporacionancud.cl\/inicio\/corporacion-municipal-de-ancud-lanza-protocolo-de-prevencion-y-sancion-del-acoso-y-violencia-en-el-trabajo\/","title":{"rendered":"Corporaci\u00f3n Municipal de Ancud lanza Protocolo de Prevenci\u00f3n y Sanci\u00f3n del Acoso y Violencia en el Trabajo"},"content":{"rendered":"\n<p>En cumplimiento de la Ley N\u00b0 21.643, tambi\u00e9n conocida como Ley Karin, la Corporaci\u00f3n Municipal de Ancud para la Educaci\u00f3n, Salud y Atenci\u00f3n al Menor ha aprobado oficialmente el \u201cProtocolo de Prevenci\u00f3n, Denuncia y Sanci\u00f3n del Acoso Laboral, Sexual y la Violencia en el Trabajo\u201d.<br>Este documento busca promover entornos laborales seguros, libres de todo tipo de violencia, asegurando la dignidad, integridad y bienestar de todas las personas trabajadoras, sin distinci\u00f3n de jerarqu\u00eda ni modalidad contractual.<br>El protocolo establece claramente mecanismos de prevenci\u00f3n, canales formales de denuncia y garant\u00edas de confidencialidad, imparcialidad y protecci\u00f3n para los afectados, entre otros principios fundamentales.<br>El documento est\u00e1 disponible para su descarga en nuestra p\u00e1gina web institucional y en formato f\u00edsico en todos los establecimientos dependientes.<br>Instamos a todos nuestros funcionarios y funcionarias a interiorizarse en su contenido, como muestra de nuestro compromiso con la integridad y el buen trato en el espacio laboral.<\/p>\n\n\n\n<figure class=\"wp-block-image size-large\"><img loading=\"lazy\" decoding=\"async\" width=\"724\" height=\"1024\" src=\"http:\/\/www.corporacionancud.cl\/inicio\/wp-content\/uploads\/2025\/06\/Copia-de-Copia-de-Hemos-aprobado-el-Protocolo-de-Prevencion-Denuncia-y-Sancion-del-Acoso-Laboral-Sexual-y-la-Violencia-en-el-Trabajo-724x1024.png\" alt=\"\" class=\"wp-image-5248\" srcset=\"http:\/\/www.corporacionancud.cl\/inicio\/wp-content\/uploads\/2025\/06\/Copia-de-Copia-de-Hemos-aprobado-el-Protocolo-de-Prevencion-Denuncia-y-Sancion-del-Acoso-Laboral-Sexual-y-la-Violencia-en-el-Trabajo-724x1024.png 724w, http:\/\/www.corporacionancud.cl\/inicio\/wp-content\/uploads\/2025\/06\/Copia-de-Copia-de-Hemos-aprobado-el-Protocolo-de-Prevencion-Denuncia-y-Sancion-del-Acoso-Laboral-Sexual-y-la-Violencia-en-el-Trabajo-212x300.png 212w, http:\/\/www.corporacionancud.cl\/inicio\/wp-content\/uploads\/2025\/06\/Copia-de-Copia-de-Hemos-aprobado-el-Protocolo-de-Prevencion-Denuncia-y-Sancion-del-Acoso-Laboral-Sexual-y-la-Violencia-en-el-Trabajo-768x1086.png 768w, http:\/\/www.corporacionancud.cl\/inicio\/wp-content\/uploads\/2025\/06\/Copia-de-Copia-de-Hemos-aprobado-el-Protocolo-de-Prevencion-Denuncia-y-Sancion-del-Acoso-Laboral-Sexual-y-la-Violencia-en-el-Trabajo-1086x1536.png 1086w, http:\/\/www.corporacionancud.cl\/inicio\/wp-content\/uploads\/2025\/06\/Copia-de-Copia-de-Hemos-aprobado-el-Protocolo-de-Prevencion-Denuncia-y-Sancion-del-Acoso-Laboral-Sexual-y-la-Violencia-en-el-Trabajo-696x984.png 696w, http:\/\/www.corporacionancud.cl\/inicio\/wp-content\/uploads\/2025\/06\/Copia-de-Copia-de-Hemos-aprobado-el-Protocolo-de-Prevencion-Denuncia-y-Sancion-del-Acoso-Laboral-Sexual-y-la-Violencia-en-el-Trabajo-1068x1511.png 1068w, http:\/\/www.corporacionancud.cl\/inicio\/wp-content\/uploads\/2025\/06\/Copia-de-Copia-de-Hemos-aprobado-el-Protocolo-de-Prevencion-Denuncia-y-Sancion-del-Acoso-Laboral-Sexual-y-la-Violencia-en-el-Trabajo-297x420.png 297w, http:\/\/www.corporacionancud.cl\/inicio\/wp-content\/uploads\/2025\/06\/Copia-de-Copia-de-Hemos-aprobado-el-Protocolo-de-Prevencion-Denuncia-y-Sancion-del-Acoso-Laboral-Sexual-y-la-Violencia-en-el-Trabajo.png 1414w\" sizes=\"auto, (max-width: 724px) 100vw, 724px\" \/><\/figure>\n\n\n\n<div class=\"wp-block-buttons is-layout-flex wp-block-buttons-is-layout-flex\">\n<div class=\"wp-block-button\"><a class=\"wp-block-button__link wp-element-button\" href=\"http:\/\/www.corporacionancud.cl\/inicio\/wp-content\/uploads\/2025\/06\/RESOLUCION-1517-Aprueba-Protocolo-Protocolo-de-prevencion-denuncia-y-sancion-del-acoso-laboral-sexual-y-la-violencia-en-el-trabajo.pdf\">Descargar Resoluci\u00f3n<\/a><\/div>\n\n\n\n<div class=\"wp-block-button\"><a class=\"wp-block-button__link wp-element-button\" href=\"http:\/\/www.corporacionancud.cl\/inicio\/wp-content\/uploads\/2025\/06\/Protocolo-de-prevencion-denuncia-y-sancion-del-acoso-laboral-sexual-y-la-violencia-en-el-trabajo-2.pdf\">Descargar Protocolo<\/a><\/div>\n<\/div>\n\n\n\n<p><\/p>\n","protected":false},"excerpt":{"rendered":"<p>En cumplimiento de la Ley N\u00b0 21.643, tambi\u00e9n conocida como Ley Karin, la Corporaci\u00f3n Municipal de Ancud para la Educaci\u00f3n, Salud y Atenci\u00f3n al Menor ha aprobado oficialmente el \u201cProtocolo de Prevenci\u00f3n, Denuncia y Sanci\u00f3n del Acoso Laboral, Sexual y la Violencia en el Trabajo\u201d.Este documento busca promover entornos laborales seguros, libres de todo tipo <\/p>\n","protected":false},"author":4,"featured_media":5248,"parent":0,"menu_order":0,"comment_status":"closed","ping_status":"closed","template":"","meta":{"footnotes":""},"class_list":["post-5257","page","type-page","status-publish","has-post-thumbnail","hentry"],"_links":{"self":[{"href":"http:\/\/www.corporacionancud.cl\/inicio\/wp-json\/wp\/v2\/pages\/5257","targetHints":{"allow":["GET"]}}],"collection":[{"href":"http:\/\/www.corporacionancud.cl\/inicio\/wp-json\/wp\/v2\/pages"}],"about":[{"href":"http:\/\/www.corporacionancud.cl\/inicio\/wp-json\/wp\/v2\/types\/page"}],"author":[{"embeddable":true,"href":"http:\/\/www.corporacionancud.cl\/inicio\/wp-json\/wp\/v2\/users\/4"}],"replies":[{"embeddable":true,"href":"http:\/\/www.corporacionancud.cl\/inicio\/wp-json\/wp\/v2\/comments?post=5257"}],"version-history":[{"count":3,"href":"http:\/\/www.corporacionancud.cl\/inicio\/wp-json\/wp\/v2\/pages\/5257\/revisions"}],"predecessor-version":[{"id":5261,"href":"http:\/\/www.corporacionancud.cl\/inicio\/wp-json\/wp\/v2\/pages\/5257\/revisions\/5261"}],"wp:featuredmedia":[{"embeddable":true,"href":"http:\/\/www.corporacionancud.cl\/inicio\/wp-json\/wp\/v2\/media\/5248"}],"wp:attachment":[{"href":"http:\/\/www.corporacionancud.cl\/inicio\/wp-json\/wp\/v2\/media?parent=5257"}],"curies":[{"name":"wp","href":"https:\/\/api.w.org\/{rel}","templated":true}]}}